{"id":103,"date":"2014-10-08T15:34:17","date_gmt":"2014-10-08T13:34:17","guid":{"rendered":"http:\/\/www.lydiagartzke.de\/?page_id=103"},"modified":"2018-12-06T16:34:46","modified_gmt":"2018-12-06T14:34:46","slug":"ueber-mich","status":"publish","type":"page","link":"https:\/\/www.lydiagartzke.de\/","title":{"rendered":"\u00fcber mich"},"content":{"rendered":"<p>Hallo!<\/p>\n<p>mein Name ist Lydia. Ich bin gl\u00fccklich verheiratet, habe einen kleinen Sohn und einen Beruf, der mir Spa\u00df macht.<\/p>\n<p>Ich gehe gern ins Kino, zu Konzerten und Festivals, in Museen und Schl\u00f6sser. Am liebsten verbringe ich die Zeit mit Familie und Freunden. Dass ich gern reise, will ich nicht unerw\u00e4hnt lassen.<\/p>\n<p>Ich male seit meiner Kindheit. Je nachdem wie die Kreativit\u00e4t sich meldet, mal mehr, mal weniger.<\/p>\n<p>Ich liebe es, sch\u00f6ne Dinge selbst zu machen und probiere vieles aus! Mit der Geduld habe ich es jedoch nur solange &#8222;es l\u00e4uft&#8220;. Das erkl\u00e4rt, warum diese Seite seit Erstellung der Domain, fast ein ganzes Jahr gebraucht hat, um sich einigerma\u00dfen auf mich einzulassen.<\/p>\n<p>Ihr findet hier eine Auswahl meiner Werke. Neben einigen Auftragsarbeiten in Zusammenarbeit mit <a title=\"GanterART\" href=\"http:\/\/www.ganterart.de\" target=\"_blank\" rel=\"noopener\">GanterART<\/a> sind das haupts\u00e4chlich pers\u00f6nliche Portraits (Acryl auf Leinwand), die eine wundervolle Art sind, besondere Momente festzuhalten.<\/p>\n<p>Meinen Schmuck trage ich am liebsten selbst, verkaufe ihn aber auch auf Handwerkerm\u00e4rkten oder Nachfrage.<\/p>\n<p>Termine findet Ihr <a title=\"Termine\" href=\"http:\/\/www.lydiagartzke.de\/?page_id=122\" target=\"_blank\" rel=\"noopener\">hier.<\/a><\/p>\n<p>Ich w\u00fcnsche euch viel Spa\u00df beim St\u00f6bern und freue mich auf Feedback, Auftr\u00e4ge und liebe Gr\u00fc\u00dfe.<\/p>\n<p>Lydia<\/p>\n<p>&nbsp;<\/p>\n<p>&nbsp;<\/p>\n","protected":false},"excerpt":{"rendered":"<p>Hallo! mein Name ist Lydia. Ich bin gl\u00fccklich verheiratet, habe einen kleinen Sohn und einen Beruf, der mir Spa\u00df macht. Ich gehe gern ins Kino, zu Konzerten und Festivals, in Museen und Schl\u00f6sser. Am liebsten verbringe ich die Zeit mit&#8230; <a class=\"more-link\" href=\"https:\/\/www.lydiagartzke.de\/\">Weiterlesen &rarr;<\/a><\/p>\n","protected":false},"author":1,"featured_media":0,"parent":0,"menu_order":0,"comment_status":"open","ping_status":"open","template":"","meta":{"footnotes":""},"_links":{"self":[{"href":"https:\/\/www.lydiagartzke.de\/index.php?rest_route=\/wp\/v2\/pages\/103"}],"collection":[{"href":"https:\/\/www.lydiagartzke.de\/index.php?rest_route=\/wp\/v2\/pages"}],"about":[{"href":"https:\/\/www.lydiagartzke.de\/index.php?rest_route=\/wp\/v2\/types\/page"}],"author":[{"embeddable":true,"href":"https:\/\/www.lydiagartzke.de\/index.php?rest_route=\/wp\/v2\/users\/1"}],"replies":[{"embeddable":true,"href":"https:\/\/www.lydiagartzke.de\/index.php?rest_route=%2Fwp%2Fv2%2Fcomments&post=103"}],"version-history":[{"count":11,"href":"https:\/\/www.lydiagartzke.de\/index.php?rest_route=\/wp\/v2\/pages\/103\/revisions"}],"predecessor-version":[{"id":412,"href":"https:\/\/www.lydiagartzke.de\/index.php?rest_route=\/wp\/v2\/pages\/103\/revisions\/412"}],"wp:attachment":[{"href":"https:\/\/www.lydiagartzke.de\/index.php?rest_route=%2Fwp%2Fv2%2Fmedia&parent=103"}],"curies":[{"name":"wp","href":"https:\/\/api.w.org\/{rel}","templated":true}]}}